{"id":31,"date":"2018-05-05T16:40:16","date_gmt":"2018-05-05T16:40:16","guid":{"rendered":"https:\/\/impact-consulting.ro\/?page_id=31"},"modified":"2022-05-21T13:15:59","modified_gmt":"2022-05-21T13:15:59","slug":"contact","status":"publish","type":"page","link":"https:\/\/impact-consulting.ro\/en\/contact\/","title":{"rendered":"Contact"},"content":{"rendered":"<p><\/p>\n<p style=\"text-align: center;\">S.C.\u00a0<strong>Impact Consulting\u00a0<\/strong>S.R.L.<br \/>\nJ12\/3149\/31.082004<br \/>\nRO 16729287<br \/>\nAddress: ROM\u00c2NIA, Jude\u0163ul CLUJ (Cluj County),<\/p>\n<p style=\"text-align: center;\">str. Lucre\u0163ia Mur\u0103\u015fianu nr. 13, Turda, jud. Cluj<\/p>\n<p style=\"text-align: center;\">Sole shareholder: Ioan Andreica,<\/p>\n<p style=\"text-align: center;\">Mobile: +4 0725 139 780,<\/p>\n<p style=\"text-align: center;\">Tel\/Fax.: +4 0364 885 403<br \/>\nE-mail: office@impact-consulting.ro,<\/p>\n<p style=\"text-align: center;\">andreica_consulting@yahoo.com<\/p>\n<p><\/p>","protected":false},"excerpt":{"rendered":"<p>S.C.\u00a0Impact Consulting\u00a0S.R.L. J12\/3149\/31.082004 RO 16729287 Address: ROM\u00c2NIA, Jude\u0163ul CLUJ (Cluj County), str. Lucre\u0163ia Mur\u0103\u015fianu nr. 13, Turda, jud. Cluj Sole shareholder: Ioan [&hellip;]<\/p>\n","protected":false},"author":1,"featured_media":108,"parent":0,"menu_order":0,"comment_status":"closed","ping_status":"closed","template":"page-templates\/page_fullwidth.php","meta":{"footnotes":""},"class_list":["post-31","page","type-page","status-publish","has-post-thumbnail","hentry"],"_links":{"self":[{"href":"https:\/\/impact-consulting.ro\/en\/wp-json\/wp\/v2\/pages\/31"}],"collection":[{"href":"https:\/\/impact-consulting.ro\/en\/wp-json\/wp\/v2\/pages"}],"about":[{"href":"https:\/\/impact-consulting.ro\/en\/wp-json\/wp\/v2\/types\/page"}],"author":[{"embeddable":true,"href":"https:\/\/impact-consulting.ro\/en\/wp-json\/wp\/v2\/users\/1"}],"replies":[{"embeddable":true,"href":"https:\/\/impact-consulting.ro\/en\/wp-json\/wp\/v2\/comments?post=31"}],"version-history":[{"count":8,"href":"https:\/\/impact-consulting.ro\/en\/wp-json\/wp\/v2\/pages\/31\/revisions"}],"predecessor-version":[{"id":699,"href":"https:\/\/impact-consulting.ro\/en\/wp-json\/wp\/v2\/pages\/31\/revisions\/699"}],"wp:featuredmedia":[{"embeddable":true,"href":"https:\/\/impact-consulting.ro\/en\/wp-json\/wp\/v2\/media\/108"}],"wp:attachment":[{"href":"https:\/\/impact-consulting.ro\/en\/wp-json\/wp\/v2\/media?parent=31"}],"curies":[{"name":"wp","href":"https:\/\/api.w.org\/{rel}","templated":true}]}}